{"id":1225,"date":"2026-02-12T02:31:29","date_gmt":"2026-02-12T02:31:29","guid":{"rendered":"https:\/\/bestvacuumforming.com\/?post_type=product&#038;p=1225"},"modified":"2026-02-12T02:32:15","modified_gmt":"2026-02-12T02:32:15","slug":"automotive-footrest-cabin-protection-panels","status":"publish","type":"product","link":"https:\/\/bestvacuumforming.com\/de\/automotive-footrest-cabin-protection-panels\/","title":{"rendered":"Kundenspezifische Vakuumformung Automobil Fu\u00dfst\u00fctze &amp; Kabinenschutzplatten ABS &amp; PP"},"content":{"rendered":"<section class=\"av_textblock_section av-lui1t79i-857eb9d3ec5918ad1290ff9b16b5e12d\">\n<div class=\"avia_textblock\">\n<h3>Technische Spezifikation<\/h3>\n<\/div>\n<\/section>\n<div class=\"hr av-bgwk7-f222887f3f905c07c8a1f9f2d9907248 hr-invisible avia-builder-el-12 el_after_av_textblock el_before_av_textblock\"><\/div>\n<section class=\"av_textblock_section av-lui1sb7t-5135acec98a75871e432cf52f12abffd\">\n<div class=\"avia_textblock\">\n<p><strong>Beschreibung des Produkts:<\/strong><\/p>\n<p>Wir stellen unser hochwertiges Produkt vor,\u00a0<strong>Ma\u00dfgeschneiderte Fu\u00dfst\u00fctzen und Kabinenschutzplatten f\u00fcr Kraftfahrzeuge<\/strong>, die mit Hilfe fortschrittlicher Vakuumformtechnik hergestellt werden. Als Quellwerk mit erheblichen Preisvorteilen sind wir auf die Herstellung von langlebigen, pr\u00e4zise geformten Paneelen spezialisiert, die herk\u00f6mmliche Spritzgussteile ersetzen und erhebliche Einsparungen bei den Formkosten bieten, ohne die Leistung zu beeintr\u00e4chtigen.<\/p>\n<p>Unsere Platten werden aus robusten Thermoplasten hergestellt, darunter\u00a0<strong>ABS und PP<\/strong>, mit Materialst\u00e4rken von 2 mm bis 5 mm, die eine hervorragende Sto\u00dffestigkeit und Langlebigkeit gew\u00e4hrleisten. Erh\u00e4ltlich in vollst\u00e4ndig kundenspezifischen Farben und Oberfl\u00e4chen, werden diese Komponenten auf Ihre spezifischen \u00e4sthetischen und funktionalen Anforderungen f\u00fcr den Fahrzeuginnenraum zugeschnitten.<\/p>\n<p><strong>Die wichtigsten Vorteile:<\/strong><\/p>\n<ul>\n<li><strong>Kosteng\u00fcnstig:<\/strong>Die Vakuumformung reduziert die Werkzeuginvestitionen im Vergleich zum Spritzgie\u00dfen drastisch.<\/li>\n<li><strong>Flexible Anpassung:<\/strong>Volle Kontrolle \u00fcber Material, Dicke, Farbe und Design.<\/li>\n<li><strong>Rapid Prototyping:<\/strong>Schnellerer Durchlauf vom Entwurf bis zur Muster- und Massenproduktion.<\/li>\n<li><strong>Langlebigkeit:<\/strong>Die Materialien werden nach ihrer Festigkeit, Verschlei\u00dffestigkeit und Eignung f\u00fcr den Einsatz im Automobilbereich ausgew\u00e4hlt.<\/li>\n<\/ul>\n<p><strong>Unser gestraffter Produktionsablauf umfasst:<\/strong><\/p>\n<ol>\n<li>Designinitiierung auf der Grundlage Ihrer physischen Muster oder CAD-Dateien (IGS-, STEP-, X_T-Formate), oder unser kundenspezifischer Designservice nach Ihren Spezifikationen.<\/li>\n<li>Herstellung von Prototypformen und Herstellung von Mustern zur Bewertung.<\/li>\n<li>\u00dcberpr\u00fcfung und Best\u00e4tigung der Erstmuster durch den Kunden.<\/li>\n<li>Herstellung der endg\u00fcltigen Massenproduktionsform und der Freigabemuster f\u00fcr die Abnahme durch den Kunden.<\/li>\n<li>Herstellung in vollem Umfang in unserem Werk.<\/li>\n<li>Sichere Verpackung und prompter Versand der endg\u00fcltigen Bestellung.<\/li>\n<\/ol>\n<\/div>\n<\/section>\n<div id=\"gtx-trans\" style=\"position: absolute; left: 534px; top: 265.312px;\">\n<div class=\"gtx-trans-icon\"><\/div>\n<\/div>","protected":false},"excerpt":{"rendered":"<p><a href=\"https:\/\/bestvacuumforming.com\/de\/\">Foshan TKP<\/a> Vakuumformung f\u00fcr Fu\u00dfst\u00fctzen und Kabinenverkleidungen bietet eine optimale L\u00f6sung f\u00fcr Hersteller, die kosteneffiziente, anpassbare und hochwertige Innenraumkomponenten suchen. Durch die Nutzung dieses effizienten Fertigungsverfahrens liefern wir langlebige, passgenaue Teile, die den strengen Automobilstandards entsprechen und vom Prototyp bis zur Gro\u00dfserienfertigung Wert und Leistung garantieren. Als Partner bieten wir Ihnen eine zuverl\u00e4ssige Versorgung, fachkundige Unterst\u00fctzung bei der Konstruktion und wettbewerbsf\u00e4hige Preise im Direktvertrieb.<\/p>\n<p>Kontakt:\u00a0<a href=\"mailto:michael@bestvacuumforming.com\">michael@bestvacuumforming.com<\/a>\u00a0heute f\u00fcr eine individuelle L\u00f6sung und ein Angebot!<\/p>","protected":false},"featured_media":1228,"template":"","meta":{"_gspb_post_css":""},"product_brand":[],"product_cat":[31,27],"product_tag":[],"class_list":{"0":"post-1225","1":"product","2":"type-product","3":"status-publish","4":"has-post-thumbnail","6":"product_cat-abs-vacuum-forming","7":"product_cat-automotive","9":"first","10":"instock","11":"shipping-taxable","12":"product-type-simple"},"_links":{"self":[{"href":"https:\/\/bestvacuumforming.com\/de\/wp-json\/wp\/v2\/product\/1225","targetHints":{"allow":["GET"]}}],"collection":[{"href":"https:\/\/bestvacuumforming.com\/de\/wp-json\/wp\/v2\/product"}],"about":[{"href":"https:\/\/bestvacuumforming.com\/de\/wp-json\/wp\/v2\/types\/product"}],"wp:featuredmedia":[{"embeddable":true,"href":"https:\/\/bestvacuumforming.com\/de\/wp-json\/wp\/v2\/media\/1228"}],"wp:attachment":[{"href":"https:\/\/bestvacuumforming.com\/de\/wp-json\/wp\/v2\/media?parent=1225"}],"wp:term":[{"taxonomy":"product_brand","embeddable":true,"href":"https:\/\/bestvacuumforming.com\/de\/wp-json\/wp\/v2\/product_brand?post=1225"},{"taxonomy":"product_cat","embeddable":true,"href":"https:\/\/bestvacuumforming.com\/de\/wp-json\/wp\/v2\/product_cat?post=1225"},{"taxonomy":"product_tag","embeddable":true,"href":"https:\/\/bestvacuumforming.com\/de\/wp-json\/wp\/v2\/product_tag?post=1225"}],"curies":[{"name":"wp","href":"https:\/\/api.w.org\/{rel}","templated":true}]}}