{"id":863,"date":"2025-12-27T08:01:38","date_gmt":"2025-12-27T08:01:38","guid":{"rendered":"https:\/\/bestvacuumforming.com\/?post_type=product&#038;p=863"},"modified":"2025-12-27T08:04:48","modified_gmt":"2025-12-27T08:04:48","slug":"drone-shell-vacuum-forming","status":"publish","type":"product","link":"https:\/\/bestvacuumforming.com\/de\/drone-shell-vacuum-forming\/","title":{"rendered":"Vakuumformung von Drohnenschalen"},"content":{"rendered":"<h2 data-start=\"0\" data-end=\"29\">Vakuumgeformte Drohnenh\u00fclle<\/h2>\n<p data-start=\"30\" data-end=\"91\"><em data-start=\"30\" data-end=\"91\">Leichter Schutz, der f\u00fcr reale Flugbedingungen entwickelt wurde.<\/em><\/p>\n<p data-start=\"93\" data-end=\"428\">Diese Drohnenh\u00fclle sch\u00fctzt die wichtigen Teile, ohne das Flugverhalten der Drohne zu ver\u00e4ndern. Durch Vakuumformung kann die H\u00fclle pr\u00e4zise und gleichm\u00e4\u00dfig geformt werden, so dass sie sich eng an den K\u00f6rper anschmiegt und von St\u00fcck zu St\u00fcck konsistent bleibt. Sie bietet dort Schutz, wo er ben\u00f6tigt wird, ohne unn\u00f6tiges Gewicht hinzuzuf\u00fcgen.<\/p>\n<h3 data-start=\"430\" data-end=\"455\">F\u00fcr den Au\u00dfeneinsatz gebaut<\/h3>\n<p data-start=\"456\" data-end=\"512\"><em data-start=\"456\" data-end=\"512\">Langlebig genug f\u00fcr Staub, Schutt und allt\u00e4gliche St\u00f6\u00dfe.<\/em><\/p>\n<p data-start=\"514\" data-end=\"781\">Das Material ist so gew\u00e4hlt, dass es f\u00fcr regelm\u00e4\u00dfige Fl\u00fcge im Freien geeignet ist. Es sch\u00fctzt die internen Komponenten vor Staub, kleinen Steinen und kleineren St\u00f6\u00dfen, die beim Start, bei der Landung oder beim Transport auftreten. Es ist stark genug, um wiederholten Gebrauch zu verkraften, aber flexibel genug, um nicht leicht zu brechen.<\/p>\n<h3 data-start=\"783\" data-end=\"809\">Form und Aerodynamik<\/h3>\n<p data-start=\"810\" data-end=\"855\"><em data-start=\"810\" data-end=\"855\">Glatte Konturen, die einen stabilen Flug unterst\u00fctzen.<\/em><\/p>\n<p data-start=\"857\" data-end=\"1100\">Die Schale folgt klaren, kompakten Linien, so dass sie den Luftstrom nicht behindert. Dies tr\u00e4gt dazu bei, die aerodynamische Effizienz zu erhalten und die Flugleistung nahe am Originaldesign zu halten. Nichts ragt heraus, und nichts f\u00fchlt sich sperrig an, sobald es installiert ist.<\/p>\n<h3 data-start=\"1102\" data-end=\"1124\">Passform und Schutz<\/h3>\n<p data-start=\"1125\" data-end=\"1172\"><em data-start=\"1125\" data-end=\"1172\">Pr\u00e4zise Formgebung, die die Komponenten sicher h\u00e4lt.<\/em><\/p>\n<p data-start=\"1174\" data-end=\"1422\">Die Vakuumformung sorgt f\u00fcr exakte Abmessungen, so dass die H\u00fclle fest um den Drohnenk\u00f6rper passt. Dadurch werden die inneren Teile gesch\u00fctzt und Bewegungen oder Vibrationen w\u00e4hrend des Betriebs reduziert. Alles bleibt an seinem Platz, auch nach langen Flugsessions.<\/p>\n<h3 data-start=\"1424\" data-end=\"1451\">Oberfl\u00e4che und Pflege<\/h3>\n<p data-start=\"1452\" data-end=\"1502\"><em data-start=\"1452\" data-end=\"1502\">Gl\u00e4nzende Oberfl\u00e4che, die leicht zu reinigen und zu pflegen ist.<\/em><\/p>\n<p data-start=\"1504\" data-end=\"1695\">die glatte oberfl\u00e4che l\u00e4sst sich nach dem flug leicht abwischen. schmutz und staub haften nicht so stark, und die schale beh\u00e4lt bei einfacher pflege ihr aussehen. sie ist praktisch f\u00fcr den h\u00e4ufigen gebrauch, nicht nur f\u00fcr die ausstellung.<\/p>\n<h3 data-start=\"1697\" data-end=\"1722\">Anpassungsm\u00f6glichkeiten<\/h3>\n<p data-start=\"1723\" data-end=\"1775\"><em data-start=\"1723\" data-end=\"1775\">Verf\u00fcgbare Farben f\u00fcr Sichtbarkeit oder pers\u00f6nlichen Stil.<\/em><\/p>\n<p data-start=\"1777\" data-end=\"1977\">Die H\u00fclle kann in verschiedenen Farben hergestellt werden, darunter auch in der abgebildeten gr\u00fcnen Ausf\u00fchrung. So k\u00f6nnen die Nutzer ihre Drohne individuell gestalten oder die Sichtbarkeit w\u00e4hrend des Fluges verbessern, je nachdem, wie und wo sie eingesetzt wird.<\/p>\n<h3 data-start=\"1979\" data-end=\"2004\">Geeignete Anwendungen<\/h3>\n<p data-start=\"2005\" data-end=\"2058\"><em data-start=\"2005\" data-end=\"2058\">Freizeitfliegen, Rennen und professionelle Arbeit.<\/em><\/p>\n<p data-start=\"2060\" data-end=\"2270\">Ob f\u00fcr Freizeitfl\u00fcge, Drohnenrennen oder Luftaufnahmen, die H\u00fclle bietet ein ausgewogenes Verh\u00e4ltnis zwischen Schutz und Leistung. Sie unterst\u00fctzt eine l\u00e4ngere Lebensdauer, ohne das Handling der Drohne zu ver\u00e4ndern.<\/p>\n<h3 data-start=\"2272\" data-end=\"2291\">Allgemeiner Zweck<\/h3>\n<p data-start=\"2292\" data-end=\"2342\"><em data-start=\"2292\" data-end=\"2342\">Ein einfaches Upgrade, das die Lebensdauer einer Drohne verl\u00e4ngert.<\/em><\/p>\n<p data-start=\"2344\" data-end=\"2569\">Bei dieser H\u00fclle geht es nicht darum, die Drohne zu ver\u00e4ndern, sondern sie zu sch\u00fctzen. Durch die Kombination aus pr\u00e4ziser Formgebung, haltbarem Material und leichtem Design bietet sie eine praktische M\u00f6glichkeit, eine Drohne bei regelm\u00e4\u00dfigem Gebrauch in gutem Zustand zu halten.<\/p>","protected":false},"excerpt":{"rendered":"<p>Diese Drohnenh\u00fclle wird mit Hilfe fortschrittlicher Vakuumformtechniken hergestellt und bietet ein schlankes, haltbares \u00c4u\u00dferes, das die Drohnenkomponenten optimal sch\u00fctzt. Die pr\u00e4zise Formgebung sorgt f\u00fcr eine perfekte Passform und \u00fcberragende Festigkeit, die verschiedenen Umweltbedingungen standh\u00e4lt.<\/p>","protected":false},"featured_media":865,"template":"","meta":{"_gspb_post_css":""},"product_brand":[],"product_cat":[30],"product_tag":[100],"class_list":{"0":"post-863","1":"product","2":"type-product","3":"status-publish","4":"has-post-thumbnail","6":"product_cat-electronics","7":"product_tag-drone-shellvacuum-formingdrone-protection","9":"first","10":"instock","11":"shipping-taxable","12":"product-type-simple"},"_links":{"self":[{"href":"https:\/\/bestvacuumforming.com\/de\/wp-json\/wp\/v2\/product\/863","targetHints":{"allow":["GET"]}}],"collection":[{"href":"https:\/\/bestvacuumforming.com\/de\/wp-json\/wp\/v2\/product"}],"about":[{"href":"https:\/\/bestvacuumforming.com\/de\/wp-json\/wp\/v2\/types\/product"}],"wp:featuredmedia":[{"embeddable":true,"href":"https:\/\/bestvacuumforming.com\/de\/wp-json\/wp\/v2\/media\/865"}],"wp:attachment":[{"href":"https:\/\/bestvacuumforming.com\/de\/wp-json\/wp\/v2\/media?parent=863"}],"wp:term":[{"taxonomy":"product_brand","embeddable":true,"href":"https:\/\/bestvacuumforming.com\/de\/wp-json\/wp\/v2\/product_brand?post=863"},{"taxonomy":"product_cat","embeddable":true,"href":"https:\/\/bestvacuumforming.com\/de\/wp-json\/wp\/v2\/product_cat?post=863"},{"taxonomy":"product_tag","embeddable":true,"href":"https:\/\/bestvacuumforming.com\/de\/wp-json\/wp\/v2\/product_tag?post=863"}],"curies":[{"name":"wp","href":"https:\/\/api.w.org\/{rel}","templated":true}]}}