{"id":912,"date":"2025-12-29T02:09:16","date_gmt":"2025-12-29T02:09:16","guid":{"rendered":"https:\/\/bestvacuumforming.com\/?post_type=product&#038;p=912"},"modified":"2025-12-29T02:09:17","modified_gmt":"2025-12-29T02:09:17","slug":"vacuum-forming-of-turnover-pallets","status":"publish","type":"product","link":"https:\/\/bestvacuumforming.com\/de\/vacuum-forming-of-turnover-pallets\/","title":{"rendered":"Vakuumformung von Umschlagpaletten"},"content":{"rendered":"<h2 data-start=\"0\" data-end=\"34\">Vakuumgeformte Umschlagpaletten<\/h2>\n<p data-start=\"35\" data-end=\"92\"><em data-start=\"35\" data-end=\"92\">Gebaut, um Schwerstarbeit zu leisten - zuverl\u00e4ssig, Tag f\u00fcr Tag<\/em><\/p>\n<p data-start=\"94\" data-end=\"325\">Diese Paletten bestehen nicht einfach nur aus geformtem Kunststoff - sie wurden entwickelt, um die Handhabung, Lagerung und den Transport von Waren deutlich zu erleichtern. Sie sind robust, wo es darauf ankommt, berechenbar im Gebrauch und einfach in ein gesch\u00e4ftiges Lager oder eine Produktionslinie zu integrieren.<\/p>\n<h3 data-start=\"327\" data-end=\"366\">Entwickelt f\u00fcr den dauerhaften, t\u00e4glichen Gebrauch<\/h3>\n<p data-start=\"367\" data-end=\"428\"><em data-start=\"367\" data-end=\"428\">Verst\u00e4rkte W\u00e4nde und Ecken, die Verformungen und St\u00f6\u00dfen widerstehen<\/em><\/p>\n<p data-start=\"430\" data-end=\"722\">Wir bauen zus\u00e4tzliche St\u00e4rke in die Bereiche ein, die am st\u00e4rksten beansprucht werden: Ecken, W\u00e4nde und tragende Rippen. Das bedeutet, dass die Palette ihre Form beh\u00e4lt, anstatt sich nach wiederholtem Gebrauch auszuw\u00f6lben oder durchzuh\u00e4ngen. In der Praxis bedeutet das weniger \u00dcberraschungen in der Produktion - weniger Ausfallzeiten, weniger Ausschuss und eine l\u00e4ngere Lebensdauer.<\/p>\n<h3 data-start=\"724\" data-end=\"773\">Pr\u00e4zisionsgie\u00dfen f\u00fcr gleichbleibende Leistung<\/h3>\n<p data-start=\"774\" data-end=\"848\"><em data-start=\"774\" data-end=\"848\">Glatte Oberfl\u00e4chen und gleichm\u00e4\u00dfige Dicke f\u00fcr stabiles Stapeln und sichere Lasten<\/em><\/p>\n<p data-start=\"850\" data-end=\"1133\">Die Vakuumformung erm\u00f6glicht eine vorhersehbare Geometrie. Platten und W\u00e4nde sind gleichm\u00e4\u00dfig, die Oberfl\u00e4chen sind leicht zu reinigen, und die tragenden Zonen verhalten sich von St\u00fcck zu St\u00fcck gleich. Diese Konsistenz vereinfacht die automatisierte Handhabung und die Qualit\u00e4tskontrolle, da die Teile dort ausgerichtet werden, wo sie hingeh\u00f6ren.<\/p>\n<h3 data-start=\"1135\" data-end=\"1165\">Stapelbar und platzsparend<\/h3>\n<p data-start=\"1166\" data-end=\"1235\"><em data-start=\"1166\" data-end=\"1235\">Verschachtelte oder gestapelte Designs, die Lagerung und Transportkosten sparen<\/em><\/p>\n<p data-start=\"1237\" data-end=\"1468\">Unsere Paletten lassen sich sauber stapeln - egal, ob Sie sie im leeren Zustand platzsparend verschachteln oder im beladenen Zustand stapeln. Das verringert den Platzbedarf im Lager und reduziert das Versandvolumen. Weniger Platzverschwendung bedeutet geringere Kosten und schnellere Lagerrotation.<\/p>\n<h3 data-start=\"1470\" data-end=\"1509\">Einfache Handhabung und Automatisierungsf\u00e4higkeit<\/h3>\n<p data-start=\"1510\" data-end=\"1592\"><em data-start=\"1510\" data-end=\"1592\">Hebepunkte, Ausschnitte f\u00fcr Gabelstapler und eine Geometrie, die mit F\u00f6rderb\u00e4ndern und Robotern funktioniert<\/em><\/p>\n<p data-start=\"1594\" data-end=\"1845\">Aussparungen und erh\u00f6hte Bereiche sind dort angebracht, wo Bediener und Maschinen die Palette tats\u00e4chlich anheben und einrasten. Gabelstapler, Hubwagen und F\u00f6rderbandf\u00fchrungen gleiten reibungslos hinein. Weniger Staus, weniger Umwege und schnellerer Durchsatz an Verpackungs- oder Montagestationen.<\/p>\n<h3 data-start=\"1847\" data-end=\"1895\">Ma\u00dfgeschneiderte Optionen, die tats\u00e4chlich Ihren Bed\u00fcrfnissen entsprechen<\/h3>\n<p data-start=\"1896\" data-end=\"1971\"><em data-start=\"1896\" data-end=\"1971\">W\u00e4hlen Sie Gr\u00f6\u00dfe, Material, Belastbarkeit und Farbe f\u00fcr Ihren Arbeitsablauf und Ihre Marke<\/em><\/p>\n<p data-start=\"1973\" data-end=\"2282\">Ganz gleich, ob Sie eine leichte Palette f\u00fcr Kleinteile oder eine schwerere Variante f\u00fcr sperrige Baugruppen ben\u00f6tigen, wir passen Material und Wandst\u00e4rke an die jeweilige Aufgabe an. M\u00f6chten Sie Ihre Firmenfarbe oder ein Logo einarbeiten lassen? Auch das ist m\u00f6glich - n\u00fctzlich f\u00fcr die R\u00fcckverfolgbarkeit, die Bereitstellung oder einfach, um verschiedene Produktlinien voneinander zu trennen.<\/p>\n<h3 data-start=\"2284\" data-end=\"2314\">Gebaut f\u00fcr viele Branchen<\/h3>\n<p data-start=\"2315\" data-end=\"2387\"><em data-start=\"2315\" data-end=\"2387\">Ideal f\u00fcr Automobilkomponenten, Elektronik, Konsumg\u00fcter und mehr<\/em><\/p>\n<p data-start=\"2389\" data-end=\"2609\">Diese Umschlagpaletten eignen sich f\u00fcr eine Vielzahl von Produkten, von Teiletrays am Flie\u00dfband bis hin zu Mehrwegverpackungen im Vertrieb. Sie sind besonders praktisch, wenn Sauberkeit, wiederholbare Passform und sicheres Stapeln wichtig sind.<\/p>\n<h3 data-start=\"2611\" data-end=\"2630\">Warum das wichtig ist<\/h3>\n<p data-start=\"2631\" data-end=\"2712\"><em data-start=\"2631\" data-end=\"2712\">Bessere Handhabung, weniger Kopfschmerzen und ein sauberer Fluss von der Laderampe zum Regal<\/em><\/p>\n<p data-start=\"2714\" data-end=\"2923\">Eine gut gefertigte Palette h\u00e4lt den Bestand in Bewegung, verringert die manuelle Nacharbeit und senkt die Schadensquote. Im Laufe der Zeit summieren sich diese Vorteile: weniger Ersatzkosten, weniger Unterbrechungen und eine reibungslosere, zuverl\u00e4ssigere Lieferkette.<\/p>","protected":false},"excerpt":{"rendered":"<p>Unsere vakuumgeformten Umschlagpaletten sind auf Haltbarkeit und effiziente Handhabung ausgelegt. Sie werden aus hochwertigen Materialien hergestellt und verf\u00fcgen \u00fcber eine robuste Struktur mit glatten, verst\u00e4rkten Ecken und W\u00e4nden. Ideal f\u00fcr den industriellen Einsatz sind diese Paletten leicht, stapelbar und f\u00fcr verschiedene betriebliche Anforderungen anpassbar.<\/p>","protected":false},"featured_media":913,"template":"","meta":{"_gspb_post_css":""},"product_brand":[],"product_cat":[34],"product_tag":[107],"class_list":{"0":"post-912","1":"product","2":"type-product","3":"status-publish","4":"has-post-thumbnail","6":"product_cat-hdpe-vacuum-forming","7":"product_tag-turnover-pallets--vacuum-formed-pallets--industrial-pallets","9":"first","10":"instock","11":"shipping-taxable","12":"product-type-simple"},"_links":{"self":[{"href":"https:\/\/bestvacuumforming.com\/de\/wp-json\/wp\/v2\/product\/912","targetHints":{"allow":["GET"]}}],"collection":[{"href":"https:\/\/bestvacuumforming.com\/de\/wp-json\/wp\/v2\/product"}],"about":[{"href":"https:\/\/bestvacuumforming.com\/de\/wp-json\/wp\/v2\/types\/product"}],"wp:featuredmedia":[{"embeddable":true,"href":"https:\/\/bestvacuumforming.com\/de\/wp-json\/wp\/v2\/media\/913"}],"wp:attachment":[{"href":"https:\/\/bestvacuumforming.com\/de\/wp-json\/wp\/v2\/media?parent=912"}],"wp:term":[{"taxonomy":"product_brand","embeddable":true,"href":"https:\/\/bestvacuumforming.com\/de\/wp-json\/wp\/v2\/product_brand?post=912"},{"taxonomy":"product_cat","embeddable":true,"href":"https:\/\/bestvacuumforming.com\/de\/wp-json\/wp\/v2\/product_cat?post=912"},{"taxonomy":"product_tag","embeddable":true,"href":"https:\/\/bestvacuumforming.com\/de\/wp-json\/wp\/v2\/product_tag?post=912"}],"curies":[{"name":"wp","href":"https:\/\/api.w.org\/{rel}","templated":true}]}}