{"id":1225,"date":"2026-02-12T02:31:29","date_gmt":"2026-02-12T02:31:29","guid":{"rendered":"https:\/\/bestvacuumforming.com\/?post_type=product&#038;p=1225"},"modified":"2026-02-12T02:32:15","modified_gmt":"2026-02-12T02:32:15","slug":"automotive-footrest-cabin-protection-panels","status":"publish","type":"product","link":"https:\/\/bestvacuumforming.com\/es\/automotive-footrest-cabin-protection-panels\/","title":{"rendered":"Reposapi\u00e9s y paneles de protecci\u00f3n del habit\u00e1culo de autom\u00f3viles ABS y PP moldeados al vac\u00edo a medida"},"content":{"rendered":"<section class=\"av_textblock_section av-lui1t79i-857eb9d3ec5918ad1290ff9b16b5e12d\">\n<div class=\"avia_textblock\">\n<h3>Especificaciones t\u00e9cnicas<\/h3>\n<\/div>\n<\/section>\n<div class=\"hr av-bgwk7-f222887f3f905c07c8a1f9f2d9907248 hr-invisible avia-builder-el-12 el_after_av_textblock el_before_av_textblock\"><\/div>\n<section class=\"av_textblock_section av-lui1sb7t-5135acec98a75871e432cf52f12abffd\">\n<div class=\"avia_textblock\">\n<p><strong>Descripci\u00f3n del producto:<\/strong><\/p>\n<p>Presentamos nuestra alta calidad,\u00a0<strong>reposapi\u00e9s y paneles de protecci\u00f3n del habit\u00e1culo a medida para autom\u00f3viles<\/strong>, fabricados con tecnolog\u00eda avanzada de moldeo por vac\u00edo. Como f\u00e1brica de origen con importantes ventajas de precio, estamos especializados en la producci\u00f3n de paneles duraderos y formados con precisi\u00f3n que sustituyen a las piezas tradicionales moldeadas por inyecci\u00f3n, ofreciendo un ahorro sustancial en los costes de moldeado sin comprometer el rendimiento.<\/p>\n<p>Nuestros paneles est\u00e1n fabricados con termopl\u00e1sticos resistentes, entre ellos\u00a0<strong>ABS y PP<\/strong>, con espesores de material que van de 2 mm a 5 mm, lo que garantiza una excelente resistencia a los impactos y longevidad. Disponibles en colores y acabados totalmente personalizados, estos componentes se adaptan a sus requisitos est\u00e9ticos y funcionales espec\u00edficos para interiores de autom\u00f3viles.<\/p>\n<p><strong>Ventajas clave:<\/strong><\/p>\n<ul>\n<li><strong>Rentable:<\/strong>El moldeo por vac\u00edo reduce dr\u00e1sticamente la inversi\u00f3n en moldes en comparaci\u00f3n con el moldeo por inyecci\u00f3n.<\/li>\n<li><strong>Personalizaci\u00f3n flexible:<\/strong>Control total sobre el material, el grosor, el color y el dise\u00f1o.<\/li>\n<li><strong>Creaci\u00f3n r\u00e1pida de prototipos:<\/strong>Mayor rapidez desde el dise\u00f1o hasta la producci\u00f3n de muestras y en serie.<\/li>\n<li><strong>Durabilidad:<\/strong>Materiales seleccionados por su solidez, resistencia al desgaste e idoneidad para entornos de automoci\u00f3n.<\/li>\n<\/ul>\n<p><strong>Nuestro flujo de trabajo de producci\u00f3n racionalizado incluye:<\/strong><\/p>\n<ol>\n<li>Iniciaci\u00f3n al dise\u00f1o a partir de sus muestras f\u00edsicas o archivos CAD (formatos IGS, STEP, X_T), o nuestro servicio de dise\u00f1o personalizado seg\u00fan sus especificaciones.<\/li>\n<li>Fabricaci\u00f3n de moldes prototipo y producci\u00f3n de muestras para su evaluaci\u00f3n.<\/li>\n<li>Revisi\u00f3n del cliente y confirmaci\u00f3n de la muestra inicial.<\/li>\n<li>Fabricaci\u00f3n del molde final de producci\u00f3n en serie y muestras de aprobaci\u00f3n para la aprobaci\u00f3n del cliente.<\/li>\n<li>Fabricaci\u00f3n a gran escala en nuestras instalaciones.<\/li>\n<li>Embalaje seguro y env\u00edo r\u00e1pido del pedido final.<\/li>\n<\/ol>\n<\/div>\n<\/section>\n<div id=\"gtx-trans\" style=\"position: absolute; left: 534px; top: 265.312px;\">\n<div class=\"gtx-trans-icon\"><\/div>\n<\/div>","protected":false},"excerpt":{"rendered":"<p><a href=\"https:\/\/bestvacuumforming.com\/es\/\">Foshan TKP<\/a> para reposapi\u00e9s y paneles de cabina de autom\u00f3viles ofrece una soluci\u00f3n \u00f3ptima para los fabricantes que buscan componentes de interior rentables, personalizables y de alta calidad. Al aprovechar este eficaz proceso de fabricaci\u00f3n, suministramos piezas duraderas y ajustadas con precisi\u00f3n que cumplen las rigurosas normas de automoci\u00f3n, garantizando el valor y el rendimiento desde el prototipo hasta la producci\u00f3n a gran escala. As\u00f3ciese con nosotros para obtener un suministro fiable, asistencia experta en dise\u00f1o y precios competitivos directos de f\u00e1brica.<\/p>\n<p>Contacto:\u00a0<a href=\"mailto:michael@bestvacuumforming.com\">michael@bestvacuumforming.com<\/a>\u00a0Solicite hoy mismo una soluci\u00f3n personalizada y un presupuesto.<\/p>","protected":false},"featured_media":1228,"template":"","meta":{"_gspb_post_css":""},"product_brand":[],"product_cat":[31,27],"product_tag":[],"class_list":{"0":"post-1225","1":"product","2":"type-product","3":"status-publish","4":"has-post-thumbnail","6":"product_cat-abs-vacuum-forming","7":"product_cat-automotive","9":"first","10":"instock","11":"shipping-taxable","12":"product-type-simple"},"_links":{"self":[{"href":"https:\/\/bestvacuumforming.com\/es\/wp-json\/wp\/v2\/product\/1225","targetHints":{"allow":["GET"]}}],"collection":[{"href":"https:\/\/bestvacuumforming.com\/es\/wp-json\/wp\/v2\/product"}],"about":[{"href":"https:\/\/bestvacuumforming.com\/es\/wp-json\/wp\/v2\/types\/product"}],"wp:featuredmedia":[{"embeddable":true,"href":"https:\/\/bestvacuumforming.com\/es\/wp-json\/wp\/v2\/media\/1228"}],"wp:attachment":[{"href":"https:\/\/bestvacuumforming.com\/es\/wp-json\/wp\/v2\/media?parent=1225"}],"wp:term":[{"taxonomy":"product_brand","embeddable":true,"href":"https:\/\/bestvacuumforming.com\/es\/wp-json\/wp\/v2\/product_brand?post=1225"},{"taxonomy":"product_cat","embeddable":true,"href":"https:\/\/bestvacuumforming.com\/es\/wp-json\/wp\/v2\/product_cat?post=1225"},{"taxonomy":"product_tag","embeddable":true,"href":"https:\/\/bestvacuumforming.com\/es\/wp-json\/wp\/v2\/product_tag?post=1225"}],"curies":[{"name":"wp","href":"https:\/\/api.w.org\/{rel}","templated":true}]}}