{"id":1120,"date":"2026-01-12T09:09:23","date_gmt":"2026-01-12T09:09:23","guid":{"rendered":"https:\/\/bestvacuumforming.com\/?post_type=product&#038;p=1120"},"modified":"2026-01-12T09:10:06","modified_gmt":"2026-01-12T09:10:06","slug":"vacuum-formed-casing-for-gaming-equipment","status":"publish","type":"product","link":"https:\/\/bestvacuumforming.com\/fr\/vacuum-formed-casing-for-gaming-equipment\/","title":{"rendered":"Bo\u00eetier form\u00e9 sous vide pour \u00e9quipement de jeu"},"content":{"rendered":"<h2 data-start=\"511\" data-end=\"557\">Bo\u00eetier form\u00e9 sous vide pour \u00e9quipement de jeu<\/h2>\n<p data-start=\"558\" data-end=\"687\">con\u00e7u pour prot\u00e9ger les consoles, les syst\u00e8mes d'arcade et les constructions personnalis\u00e9es avec une finition propre et professionnelle qui est aussi belle que performante.<\/p>\n<h2 data-start=\"689\" data-end=\"726\">Construction durable en ABS ou HIPS<\/h2>\n<p data-start=\"727\" data-end=\"855\">Form\u00e9 \u00e0 partir de plastique ABS ou HIPS de qualit\u00e9 pour une solidit\u00e9 fiable, une r\u00e9sistance aux chocs et une stabilit\u00e9 \u00e0 la chaleur pendant de longues heures d'utilisation.<\/p>\n<h2 data-start=\"857\" data-end=\"896\">Ajustement de pr\u00e9cision avec des contours lisses<\/h2>\n<p data-start=\"897\" data-end=\"1037\">Il est con\u00e7u pour s'adapter parfaitement aux pi\u00e8ces internes, ce qui permet de r\u00e9duire les mouvements et de prot\u00e9ger les composants de la poussi\u00e8re, des \u00e9raflures et des chocs quotidiens.<\/p>\n<h2 data-start=\"1039\" data-end=\"1071\">Surface brillante, entretien facile<\/h2>\n<p data-start=\"1072\" data-end=\"1201\">Il est id\u00e9al pour les salles d'arcade publiques, les installations domestiques et les environnements tr\u00e8s fr\u00e9quent\u00e9s.<\/p>\n<h2 data-start=\"1203\" data-end=\"1246\">Conception l\u00e9g\u00e8re et facile \u00e0 installer<\/h2>\n<p data-start=\"1247\" data-end=\"1361\">Les produits sont robustes sans \u00eatre encombrants, ce qui facilite la manipulation et l'installation pour les lignes OEM, les petits lots ou les projets de bricolage.<\/p>\n<h2 data-start=\"1363\" data-end=\"1403\">Des options de couleur qui correspondent \u00e0 votre style<\/h2>\n<p data-start=\"1404\" data-end=\"1531\">disponible dans des couleurs vives comme le vert, l'orange et le violet, avec des options de personnalisation pour soutenir la marque ou les th\u00e8mes d'int\u00e9rieur.<\/p>\n<h2 data-start=\"1533\" data-end=\"1588\">Qualit\u00e9 constante sans co\u00fbts de moulage par injection<\/h2>\n<p data-start=\"1589\" data-end=\"1728\">Le formage sous vide permet d'obtenir une \u00e9paisseur fiable et une texture uniforme, offrant un \u00e9quilibre intelligent entre la qualit\u00e9 et le co\u00fbt pour la production \u00e0 moyenne \u00e9chelle.<\/p>\n<h2 data-start=\"1730\" data-end=\"1768\">Con\u00e7u pour les cr\u00e9ateurs et les fabricants<\/h2>\n<p data-start=\"1769\" data-end=\"1904\">un choix pratique pour les marques, les fabricants d'armoires et les constructeurs qui veulent un bo\u00eetier qui prot\u00e8ge la quincaillerie et rehausse l'aspect fini.<\/p>","protected":false},"excerpt":{"rendered":"<p>Bo\u00eetier durable et l\u00e9ger, form\u00e9 sous vide, con\u00e7u pour les \u00e9quipements de jeu. Fabriqu\u00e9 en plastique ABS de haute qualit\u00e9, il offre une solidit\u00e9 sup\u00e9rieure, une r\u00e9sistance aux chocs et une finition lisse et brillante. Disponible dans des couleurs vives comme le vert, l'orange et le violet, pour une protection \u00e9l\u00e9gante de vos appareils.<\/p>","protected":false},"featured_media":1121,"template":"","meta":{"_gspb_post_css":""},"product_brand":[],"product_cat":[36],"product_tag":[169],"class_list":{"0":"post-1120","1":"product","2":"type-product","3":"status-publish","4":"has-post-thumbnail","6":"product_cat-hips-vacuum-forming","7":"product_tag-vacuum-forming-gaming-equipment-plastic-casing","9":"first","10":"instock","11":"shipping-taxable","12":"product-type-simple"},"_links":{"self":[{"href":"https:\/\/bestvacuumforming.com\/fr\/wp-json\/wp\/v2\/product\/1120","targetHints":{"allow":["GET"]}}],"collection":[{"href":"https:\/\/bestvacuumforming.com\/fr\/wp-json\/wp\/v2\/product"}],"about":[{"href":"https:\/\/bestvacuumforming.com\/fr\/wp-json\/wp\/v2\/types\/product"}],"wp:featuredmedia":[{"embeddable":true,"href":"https:\/\/bestvacuumforming.com\/fr\/wp-json\/wp\/v2\/media\/1121"}],"wp:attachment":[{"href":"https:\/\/bestvacuumforming.com\/fr\/wp-json\/wp\/v2\/media?parent=1120"}],"wp:term":[{"taxonomy":"product_brand","embeddable":true,"href":"https:\/\/bestvacuumforming.com\/fr\/wp-json\/wp\/v2\/product_brand?post=1120"},{"taxonomy":"product_cat","embeddable":true,"href":"https:\/\/bestvacuumforming.com\/fr\/wp-json\/wp\/v2\/product_cat?post=1120"},{"taxonomy":"product_tag","embeddable":true,"href":"https:\/\/bestvacuumforming.com\/fr\/wp-json\/wp\/v2\/product_tag?post=1120"}],"curies":[{"name":"wp","href":"https:\/\/api.w.org\/{rel}","templated":true}]}}