{"id":1225,"date":"2026-02-12T02:31:29","date_gmt":"2026-02-12T02:31:29","guid":{"rendered":"https:\/\/bestvacuumforming.com\/?post_type=product&#038;p=1225"},"modified":"2026-02-12T02:32:15","modified_gmt":"2026-02-12T02:32:15","slug":"automotive-footrest-cabin-protection-panels","status":"publish","type":"product","link":"https:\/\/bestvacuumforming.com\/fr\/automotive-footrest-cabin-protection-panels\/","title":{"rendered":"Formage sous vide personnalis\u00e9 de panneaux de protection de repose-pieds et d'habitacle ABS et PP pour l'automobile"},"content":{"rendered":"<section class=\"av_textblock_section av-lui1t79i-857eb9d3ec5918ad1290ff9b16b5e12d\">\n<div class=\"avia_textblock\">\n<h3>Sp\u00e9cifications techniques<\/h3>\n<\/div>\n<\/section>\n<div class=\"hr av-bgwk7-f222887f3f905c07c8a1f9f2d9907248 hr-invisible avia-builder-el-12 el_after_av_textblock el_before_av_textblock\"><\/div>\n<section class=\"av_textblock_section av-lui1sb7t-5135acec98a75871e432cf52f12abffd\">\n<div class=\"avia_textblock\">\n<p><strong>Description du produit :<\/strong><\/p>\n<p>Pr\u00e9sentation de nos produits de haute qualit\u00e9,\u00a0<strong>panneaux de protection des repose-pieds et de l'habitacle sur mesure pour l'automobile<\/strong>, Ces panneaux sont fabriqu\u00e9s \u00e0 l'aide d'une technologie avanc\u00e9e de formage sous vide. En tant qu'usine source offrant des avantages significatifs en termes de prix, nous sommes sp\u00e9cialis\u00e9s dans la production de panneaux durables, form\u00e9s avec pr\u00e9cision, qui remplacent les pi\u00e8ces traditionnelles moul\u00e9es par injection, ce qui permet de r\u00e9aliser des \u00e9conomies substantielles sur les co\u00fbts de moulage sans compromettre les performances.<\/p>\n<p>Nos panneaux sont fabriqu\u00e9s \u00e0 partir de thermoplastiques robustes, notamment\u00a0<strong>ABS et PP<\/strong>, Ces composants, dont l'\u00e9paisseur varie de 2 \u00e0 5 mm, garantissent une excellente r\u00e9sistance aux chocs et une grande long\u00e9vit\u00e9. Disponibles dans des couleurs et des finitions enti\u00e8rement personnalis\u00e9es, ces composants sont con\u00e7us pour r\u00e9pondre \u00e0 vos exigences esth\u00e9tiques et fonctionnelles sp\u00e9cifiques pour les int\u00e9rieurs automobiles.<\/p>\n<p><strong>Principaux avantages :<\/strong><\/p>\n<ul>\n<li><strong>Rentable :<\/strong>Le formage sous vide r\u00e9duit consid\u00e9rablement l'investissement dans les moules par rapport au moulage par injection.<\/li>\n<li><strong>Personnalisation flexible :<\/strong>Contr\u00f4le total du mat\u00e9riau, de l'\u00e9paisseur, de la couleur et de la conception.<\/li>\n<li><strong>Prototypage rapide :<\/strong>D\u00e9lai d'ex\u00e9cution plus court de la conception \u00e0 l'\u00e9chantillon et \u00e0 la production de masse.<\/li>\n<li><strong>Durabilit\u00e9 :<\/strong>Mat\u00e9riaux s\u00e9lectionn\u00e9s pour leur solidit\u00e9, leur r\u00e9sistance \u00e0 l'usure et leur ad\u00e9quation aux environnements automobiles.<\/li>\n<\/ul>\n<p><strong>Notre flux de production rationalis\u00e9 comprend<\/strong><\/p>\n<ol>\n<li>Initiation \u00e0 la conception sur la base de vos \u00e9chantillons physiques ou de vos fichiers CAO (formats IGS, STEP, X_T), ou notre service de conception personnalis\u00e9e selon vos sp\u00e9cifications.<\/li>\n<li>Fabrication de moules prototypes et production d'\u00e9chantillons pour \u00e9valuation.<\/li>\n<li>Examen et confirmation de l'\u00e9chantillon initial par le client.<\/li>\n<li>Production du moule final pour la production en s\u00e9rie et des \u00e9chantillons d'approbation pour la signature du client.<\/li>\n<li>Fabrication \u00e0 grande \u00e9chelle dans nos locaux.<\/li>\n<li>Emballage s\u00e9curis\u00e9 et exp\u00e9dition rapide de la commande finale.<\/li>\n<\/ol>\n<\/div>\n<\/section>\n<div id=\"gtx-trans\" style=\"position: absolute; left: 534px; top: 265.312px;\">\n<div class=\"gtx-trans-icon\"><\/div>\n<\/div>","protected":false},"excerpt":{"rendered":"<p><a href=\"https:\/\/bestvacuumforming.com\/fr\/\">Foshan TKP<\/a> Le service de formage sous vide pour les repose-pieds et les panneaux d'habitacle automobiles constitue une solution optimale pour les fabricants \u00e0 la recherche de composants int\u00e9rieurs rentables, personnalisables et de haute qualit\u00e9. En tirant parti de ce processus de fabrication efficace, nous fournissons des pi\u00e8ces durables, ajust\u00e9es avec pr\u00e9cision et conformes aux normes rigoureuses de l'industrie automobile, garantissant valeur et performance du prototype \u00e0 la production \u00e0 grande \u00e9chelle. Faites \u00e9quipe avec nous pour b\u00e9n\u00e9ficier d'un approvisionnement fiable, d'une assistance \u00e0 la conception experte et de prix comp\u00e9titifs en direct de l'usine.<\/p>\n<p>Contact :\u00a0<a href=\"mailto:michael@bestvacuumforming.com\">michael@bestvacuumforming.com<\/a>\u00a0aujourd'hui pour une solution personnalis\u00e9e et un devis !<\/p>","protected":false},"featured_media":1228,"template":"","meta":{"_gspb_post_css":""},"product_brand":[],"product_cat":[31,27],"product_tag":[],"class_list":{"0":"post-1225","1":"product","2":"type-product","3":"status-publish","4":"has-post-thumbnail","6":"product_cat-abs-vacuum-forming","7":"product_cat-automotive","9":"first","10":"instock","11":"shipping-taxable","12":"product-type-simple"},"_links":{"self":[{"href":"https:\/\/bestvacuumforming.com\/fr\/wp-json\/wp\/v2\/product\/1225","targetHints":{"allow":["GET"]}}],"collection":[{"href":"https:\/\/bestvacuumforming.com\/fr\/wp-json\/wp\/v2\/product"}],"about":[{"href":"https:\/\/bestvacuumforming.com\/fr\/wp-json\/wp\/v2\/types\/product"}],"wp:featuredmedia":[{"embeddable":true,"href":"https:\/\/bestvacuumforming.com\/fr\/wp-json\/wp\/v2\/media\/1228"}],"wp:attachment":[{"href":"https:\/\/bestvacuumforming.com\/fr\/wp-json\/wp\/v2\/media?parent=1225"}],"wp:term":[{"taxonomy":"product_brand","embeddable":true,"href":"https:\/\/bestvacuumforming.com\/fr\/wp-json\/wp\/v2\/product_brand?post=1225"},{"taxonomy":"product_cat","embeddable":true,"href":"https:\/\/bestvacuumforming.com\/fr\/wp-json\/wp\/v2\/product_cat?post=1225"},{"taxonomy":"product_tag","embeddable":true,"href":"https:\/\/bestvacuumforming.com\/fr\/wp-json\/wp\/v2\/product_tag?post=1225"}],"curies":[{"name":"wp","href":"https:\/\/api.w.org\/{rel}","templated":true}]}}