{"id":772,"date":"2025-12-26T06:42:14","date_gmt":"2025-12-26T06:42:14","guid":{"rendered":"https:\/\/bestvacuumforming.com\/?post_type=product&#038;p=772"},"modified":"2025-12-26T06:50:44","modified_gmt":"2025-12-26T06:50:44","slug":"vacuum-formed-abs-plastic-protective-covers","status":"publish","type":"product","link":"https:\/\/bestvacuumforming.com\/fr\/vacuum-formed-abs-plastic-protective-covers\/","title":{"rendered":"Couvertures de protection en plastique ABS form\u00e9es sous vide sur mesure"},"content":{"rendered":"<h2 data-start=\"0\" data-end=\"54\">Couvertures de protection en plastique ABS form\u00e9es sous vide sur mesure<\/h2>\n<p data-start=\"55\" data-end=\"118\"><strong data-start=\"55\" data-end=\"118\">Des housses \u00e9l\u00e9gantes et r\u00e9sistantes qui prot\u00e8gent les appareils \u00e9lectroniques et les machines.<\/strong><\/p>\n<h3 data-start=\"120\" data-end=\"138\">Introduction<\/h3>\n<p data-start=\"139\" data-end=\"519\"><strong data-start=\"139\" data-end=\"194\">Une protection pratique qui donne l'impression d'\u00eatre finie.<\/strong><br data-start=\"194\" data-end=\"197\" \/>Ces couvercles sont les pi\u00e8ces qui font discr\u00e8tement le travail que personne ne remarque jusqu'\u00e0 ce qu'ils manquent : ils emp\u00eachent la poussi\u00e8re de p\u00e9n\u00e9trer, r\u00e9sistent aux chocs et donnent l'impression que le produit a \u00e9t\u00e9 soign\u00e9. Il ne s'agit pas de simples \u201cbo\u00eetes en plastique\u201d : si elles sont bien con\u00e7ues, elles simplifient l'assemblage, r\u00e9duisent les d\u00e9faillances sur le terrain et am\u00e9liorent la qualit\u00e9 per\u00e7ue d'une mani\u00e8re que les clients remarquent r\u00e9ellement.<\/p>\n<h3 data-start=\"521\" data-end=\"544\">Ce qu'ils prot\u00e8gent<\/h3>\n<p data-start=\"545\" data-end=\"873\"><strong data-start=\"545\" data-end=\"596\">Des circuits imprim\u00e9s nus aux pompes - Un couvercle, de multiples usages.<\/strong><br data-start=\"596\" data-end=\"599\" \/>Cartes de circuits imprim\u00e9s, connecteurs, petits moteurs, groupes de capteurs, \u00e9crans et assemblages de vannes - s'ils sont vuln\u00e9rables \u00e0 la poussi\u00e8re, aux chocs ou aux mains curieuses, une housse en ABS est une assurance bon march\u00e9. Vous les verrez sur des instruments de table, des kiosques, des chariots \u00e9l\u00e9vateurs et des appareils \u00e9lectroniques mont\u00e9s sur des v\u00e9hicules.<\/p>\n<h3 data-start=\"875\" data-end=\"897\">Comment ils sont fabriqu\u00e9s<\/h3>\n<p data-start=\"898\" data-end=\"1239\"><strong data-start=\"898\" data-end=\"953\">T\u00f4le chauff\u00e9e, moule de pr\u00e9cision, puis garniture et finition.<\/strong><br data-start=\"953\" data-end=\"956\" \/>Une feuille d'ABS est chauff\u00e9e, drap\u00e9e sur un moule et serr\u00e9e sous vide. Apr\u00e8s refroidissement, elle est d\u00e9coup\u00e9e, \u00e9barb\u00e9e et finie. Le moule se chargeant de la mise en forme, on obtient des coques d'une seule pi\u00e8ce avec des surfaces continues (moins de coutures qui emprisonnent la salet\u00e9) et un ajustement reproductible d'un lot \u00e0 l'autre.<\/p>\n<h3 data-start=\"1241\" data-end=\"1265\">Pourquoi l'APA travaille ici<\/h3>\n<p data-start=\"1266\" data-end=\"1612\"><strong data-start=\"1266\" data-end=\"1321\">Un m\u00e9lange utile de r\u00e9sistance, de poids et de finition.<\/strong><br data-start=\"1321\" data-end=\"1324\" \/>L'ABS tol\u00e8re les formes, r\u00e9siste mieux aux chocs que de nombreux plastiques fragiles, se ponce et se peint proprement, et accepte les textures ou les finitions brillantes. Cet \u00e9quilibre - durabilit\u00e9 et surface esth\u00e9tique - est la raison pour laquelle l'ABS est le mat\u00e9riau de pr\u00e9dilection pour les housses de protection lorsque la protection et la pr\u00e9sentation sont importantes.<\/p>\n<h3 data-start=\"1614\" data-end=\"1641\">Options de personnalisation<\/h3>\n<p data-start=\"1642\" data-end=\"1945\"><strong data-start=\"1642\" data-end=\"1696\">D\u00e9coupes, \u00e9vents, bossages et couleurs - Fabriqu\u00e9s sur commande.<\/strong><br data-start=\"1696\" data-end=\"1699\" \/>Vous avez besoin de trous pour les connecteurs, d'\u00e9vents pour le refroidissement, de bossages pour les vis, de clips encliquetables ou d'une couleur de marque ? Le formage sous vide s'en charge. Vous pouvez ajouter des nervures internes pour la rigidit\u00e9, concevoir des panneaux d'entretien amovibles ou inclure des languettes sacrificielles l\u00e0 o\u00f9 l'usure est concentr\u00e9e.<\/p>\n<h3 data-start=\"1947\" data-end=\"1988\">Des conseils de conception qui font gagner du temps<\/h3>\n<p data-start=\"1989\" data-end=\"2043\"><strong data-start=\"1989\" data-end=\"2041\">De petits choix d\u00e8s le d\u00e9part permettent d'\u00e9viter de gros travaux plus tard.<\/strong><\/p>\n<ul data-start=\"2044\" data-end=\"2546\">\n<li data-start=\"2044\" data-end=\"2125\">\n<p data-start=\"2046\" data-end=\"2125\">Les profondeurs de dessin doivent \u00eatre conserv\u00e9es : Les dessins extr\u00eames ont des parois minces et une texture d\u00e9lav\u00e9e.<\/p>\n<\/li>\n<li data-start=\"2126\" data-end=\"2208\">\n<p data-start=\"2128\" data-end=\"2208\">Ajoutez des angles de d\u00e9pouille et des rayons g\u00e9n\u00e9reux : D\u00e9moulage plus facile et moins de points de tension.<\/p>\n<\/li>\n<li data-start=\"2209\" data-end=\"2307\">\n<p data-start=\"2211\" data-end=\"2307\">Caract\u00e9ristiques de la fixation par moulage : Les bossages et les clips sont moins chers et plus r\u00e9sistants que le mat\u00e9riel coll\u00e9.<\/p>\n<\/li>\n<li data-start=\"2308\" data-end=\"2414\">\n<p data-start=\"2310\" data-end=\"2414\">Conception pour l'acc\u00e8s au service : Les panneaux amovibles ou les fixations apparentes permettent aux techniciens de gagner du temps (et d'\u00e9viter les appels de garantie).<\/p>\n<\/li>\n<li data-start=\"2415\" data-end=\"2546\">\n<p data-start=\"2417\" data-end=\"2546\">Prototype en place : Ajustez un prototype unique sur l'assemblage r\u00e9el - rien ne vaut la d\u00e9couverte de probl\u00e8mes de d\u00e9gagement sur le produit r\u00e9el.<\/p>\n<\/li>\n<\/ul>\n<h3 data-start=\"2548\" data-end=\"2577\">Conseils pratiques sur les sp\u00e9cifications<\/h3>\n<p data-start=\"2578\" data-end=\"2638\"><strong data-start=\"2578\" data-end=\"2636\">Chiffres de d\u00e9part utiles - \u00e0 valider ensuite \u00e0 l'aide d'\u00e9chantillons.<\/strong><\/p>\n<ul data-start=\"2639\" data-end=\"3026\">\n<li data-start=\"2639\" data-end=\"2728\">\n<p data-start=\"2641\" data-end=\"2728\">\u00c9paisseur typique de la paroi : ~1,5-3,0 mm pour les petites couvertures ; 3-6 mm pour les pi\u00e8ces porteuses.<\/p>\n<\/li>\n<li data-start=\"2729\" data-end=\"2813\">\n<p data-start=\"2731\" data-end=\"2813\">Tol\u00e9rance typique : \u00b10,5 mm Non critique ; ne serrer que l\u00e0 o\u00f9 la fonction l'exige.<\/p>\n<\/li>\n<li data-start=\"2814\" data-end=\"3026\">\n<p data-start=\"2816\" data-end=\"3026\">Finitions courantes : Mat (cache les traces de doigts), Satin (montre la texture), Brillant (haut de gamme mais montre les d\u00e9fauts).<br data-start=\"2916\" data-end=\"2919\" \/>Confirmez toujours ces fourchettes \u00e0 l'aide d'un \u00e9chantillon physique - les taux de formage, d'\u00e9barbage et de refroidissement influent sur les dimensions finales.<\/p>\n<\/li>\n<\/ul>\n<h3 data-start=\"3028\" data-end=\"3056\">Notes de terrain sur le monde r\u00e9el<\/h3>\n<p data-start=\"3057\" data-end=\"3115\"><strong data-start=\"3057\" data-end=\"3113\">Des sc\u00e8nes courtes et concr\u00e8tes qui montrent l'importance des d\u00e9tails.<\/strong><\/p>\n<ul data-start=\"3116\" data-end=\"3429\">\n<li data-start=\"3116\" data-end=\"3284\">\n<p data-start=\"3118\" data-end=\"3284\">Les techniciens de terrain ont ador\u00e9 la languette d'acc\u00e8s amovible : Apr\u00e8s l'ajout d'un tel onglet, les remplacements de batterie de routine sont pass\u00e9s de cinq minutes \u00e0 trente secondes - moins de vis perdues et moins d'appels de m\u00e9contentement.<\/p>\n<\/li>\n<li data-start=\"3285\" data-end=\"3429\">\n<p data-start=\"3287\" data-end=\"3429\">One Line r\u00e9duit les retours en fixant l'\u00e9paisseur du bossage : L'augmentation de la paroi du bossage de 1,2 mm \u00e0 2,5 mm a permis d'\u00e9viter les fissures autour des vis sur 120 unit\u00e9s.<\/p>\n<\/li>\n<\/ul>\n<h3 data-start=\"3431\" data-end=\"3468\">Tests et contr\u00f4le de qualit\u00e9 que vous devriez exiger<\/h3>\n<p data-start=\"3469\" data-end=\"3516\"><strong data-start=\"3469\" data-end=\"3514\">Des contr\u00f4les concrets qui permettent d'identifier les vrais probl\u00e8mes.<\/strong><\/p>\n<ul data-start=\"3517\" data-end=\"3961\">\n<li data-start=\"3517\" data-end=\"3601\">\n<p data-start=\"3519\" data-end=\"3601\">Essai d'ajustement : Monter la pi\u00e8ce sur l'assemblage r\u00e9el et effectuer un cycle sur toutes les interfaces mobiles.<\/p>\n<\/li>\n<li data-start=\"3602\" data-end=\"3707\">\n<p data-start=\"3604\" data-end=\"3707\">Trempage thermique : Faire fonctionner des appareils \u00e9lectroniques dans le couvercle pour v\u00e9rifier l'accumulation de chaleur et l'efficacit\u00e9 de l'a\u00e9ration.<\/p>\n<\/li>\n<li data-start=\"3708\" data-end=\"3810\">\n<p data-start=\"3710\" data-end=\"3810\">Essuyage des solvants\/nettoyants : Utilisez les nettoyants que votre \u00e9quipe d'entretien utilisera pour v\u00e9rifier que la surface n'est pas endommag\u00e9e.<\/p>\n<\/li>\n<li data-start=\"3811\" data-end=\"3873\">\n<p data-start=\"3813\" data-end=\"3873\">Test d'impact et de r\u00e9sistance : Simuler des chocs sur les coins et les bossages.<\/p>\n<\/li>\n<li data-start=\"3874\" data-end=\"3961\">\n<p data-start=\"3876\" data-end=\"3961\">Correspondance visuelle : Examinez la couleur et le grain sous l'\u00e9clairage de l'endroit o\u00f9 le produit sera utilis\u00e9.<\/p>\n<\/li>\n<\/ul>\n<h3 data-start=\"3963\" data-end=\"4009\">Modes de d\u00e9faillance courants et solutions pratiques<\/h3>\n<p data-start=\"4010\" data-end=\"4058\"><strong data-start=\"4010\" data-end=\"4056\">Ce qui casse, pourquoi, et ce qu'il faut faire.<\/strong><\/p>\n<ul data-start=\"4059\" data-end=\"4493\">\n<li data-start=\"4059\" data-end=\"4209\">\n<p data-start=\"4061\" data-end=\"4209\">Les bossages minces se fissurent : Cause - paroi non sp\u00e9cifi\u00e9e ou fixations trop serr\u00e9es. Correction - \u00e9paissir les bossages, ajouter des inserts m\u00e9talliques ou utiliser des visseuses \u00e0 limiteur de couple.<\/p>\n<\/li>\n<li data-start=\"4210\" data-end=\"4340\">\n<p data-start=\"4212\" data-end=\"4340\">Le grain ou la texture s'efface : Cause - \u00e9tirement excessif dans les emboutissages profonds. Correction - modifier la conception du moule ou diviser la pi\u00e8ce en plusieurs morceaux.<\/p>\n<\/li>\n<li data-start=\"4341\" data-end=\"4493\">\n<p data-start=\"4343\" data-end=\"4493\">Ramollissement ou tache chimique : Cause - contact avec des solvants agressifs. Solution - choisir une qualit\u00e9 d'ABS r\u00e9sistante, ajouter une couche de finition ou r\u00e9orienter les zones de contact.<\/p>\n<\/li>\n<\/ul>\n<h3 data-start=\"4495\" data-end=\"4536\">Conseils d'installation et d'entretien<\/h3>\n<p data-start=\"4537\" data-end=\"4597\"><strong data-start=\"4537\" data-end=\"4595\">Des r\u00e8gles simples qui permettent aux pi\u00e8ces de vivre plus longtemps sur le terrain.<\/strong><\/p>\n<ul data-start=\"4598\" data-end=\"4932\">\n<li data-start=\"4598\" data-end=\"4649\">\n<p data-start=\"4600\" data-end=\"4649\">Utiliser des outils \u00e0 couple limit\u00e9 sur les fixations filet\u00e9es.<\/p>\n<\/li>\n<li data-start=\"4650\" data-end=\"4731\">\n<p data-start=\"4652\" data-end=\"4731\">Former le personnel \u00e0 retirer correctement les boutons-pression (tirer sur le bouton et non sur la coquille).<\/p>\n<\/li>\n<li data-start=\"4732\" data-end=\"4842\">\n<p data-start=\"4734\" data-end=\"4842\">Il est recommand\u00e9 d'utiliser des d\u00e9tergents doux ou de l'alcool isopropylique pour le nettoyage ; \u00e9viter les solvants concentr\u00e9s, sauf indication contraire.<\/p>\n<\/li>\n<li data-start=\"4843\" data-end=\"4932\">\n<p data-start=\"4845\" data-end=\"4932\">Conservez un petit kit de rechange : 3 \u00e0 5 housses de rechange par site permettent de r\u00e9duire les temps d'immobilisation en cas de chocs courants.<\/p>\n<\/li>\n<\/ul>\n<h3 data-start=\"4934\" data-end=\"4979\">Durabilit\u00e9 et r\u00e9flexion sur la fin de vie<\/h3>\n<p data-start=\"4980\" data-end=\"5249\"><strong data-start=\"4980\" data-end=\"5025\">De petits changements qui am\u00e9liorent la recyclabilit\u00e9.<\/strong><br data-start=\"5025\" data-end=\"5028\" \/>Demandez \u00e0 vos fournisseurs de vous fournir de l'ABS \u00e0 contenu recycl\u00e9 et pr\u00e9f\u00e9rez les fixations m\u00e9caniques \u00e0 la colle permanente. Concevez les couvercles de mani\u00e8re \u00e0 ce qu'ils puissent \u00eatre s\u00e9par\u00e9s de la mousse, du m\u00e9tal ou de l'\u00e9lectronique, ce qui rend le recyclage r\u00e9aliste et non th\u00e9orique.<\/p>\n<h3 data-start=\"5251\" data-end=\"5266\">FAQ abr\u00e9g\u00e9e<\/h3>\n<p data-start=\"5267\" data-end=\"5318\"><strong data-start=\"5267\" data-end=\"5318\">Des r\u00e9ponses rapides aux questions que les acheteurs posent en premier.<\/strong><\/p>\n<p data-start=\"5320\" data-end=\"5454\">Q : Ces couvertures peuvent-elles \u00eatre peintes ou \u00e9tiquet\u00e9es ?<br data-start=\"5362\" data-end=\"5365\" \/>R : Oui - l'ABS accepte la peinture, la s\u00e9rigraphie et les \u00e9tiquettes adh\u00e9sives apr\u00e8s une pr\u00e9paration ad\u00e9quate de la surface.<\/p>\n<p data-start=\"5456\" data-end=\"5573\">Q : Quelle est la rapidit\u00e9 d'obtention d'un prototype ?<br data-start=\"5490\" data-end=\"5493\" \/>R : Souvent de quelques jours \u00e0 quelques semaines, en fonction de la complexit\u00e9 du moule et des choix de finition.<\/p>\n<p data-start=\"5575\" data-end=\"5734\">Q : Les \u00e9vents compromettent-ils la r\u00e9sistance ?<br data-start=\"5609\" data-end=\"5612\" \/>R : Pas si les a\u00e9rations sont nervur\u00e9es et plac\u00e9es loin des bossages soumis \u00e0 de fortes contraintes - une bonne g\u00e9om\u00e9trie permet de maintenir le flux d'air sans perdre en rigidit\u00e9.<\/p>","protected":false},"excerpt":{"rendered":"<p>Les couvercles de protection en plastique ABS form\u00e9s sous vide offrent une durabilit\u00e9, une r\u00e9sistance aux chocs et une pr\u00e9cision sup\u00e9rieures pour prot\u00e9ger les composants d\u00e9licats dans les applications \u00e9lectroniques et industrielles. Ces housses sont con\u00e7ues pour s'adapter parfaitement, offrant ainsi une protection fiable.<\/p>","protected":false},"featured_media":774,"template":"","meta":{"_gspb_post_css":""},"product_brand":[],"product_cat":[31],"product_tag":[71],"class_list":{"0":"post-772","1":"product","2":"type-product","3":"status-publish","4":"has-post-thumbnail","6":"product_cat-abs-vacuum-forming","7":"product_tag-vacuum-formed-abs-coverscustom-plastic-coversprotective-covers-for-electronics","9":"first","10":"instock","11":"shipping-taxable","12":"product-type-simple"},"_links":{"self":[{"href":"https:\/\/bestvacuumforming.com\/fr\/wp-json\/wp\/v2\/product\/772","targetHints":{"allow":["GET"]}}],"collection":[{"href":"https:\/\/bestvacuumforming.com\/fr\/wp-json\/wp\/v2\/product"}],"about":[{"href":"https:\/\/bestvacuumforming.com\/fr\/wp-json\/wp\/v2\/types\/product"}],"wp:featuredmedia":[{"embeddable":true,"href":"https:\/\/bestvacuumforming.com\/fr\/wp-json\/wp\/v2\/media\/774"}],"wp:attachment":[{"href":"https:\/\/bestvacuumforming.com\/fr\/wp-json\/wp\/v2\/media?parent=772"}],"wp:term":[{"taxonomy":"product_brand","embeddable":true,"href":"https:\/\/bestvacuumforming.com\/fr\/wp-json\/wp\/v2\/product_brand?post=772"},{"taxonomy":"product_cat","embeddable":true,"href":"https:\/\/bestvacuumforming.com\/fr\/wp-json\/wp\/v2\/product_cat?post=772"},{"taxonomy":"product_tag","embeddable":true,"href":"https:\/\/bestvacuumforming.com\/fr\/wp-json\/wp\/v2\/product_tag?post=772"}],"curies":[{"name":"wp","href":"https:\/\/api.w.org\/{rel}","templated":true}]}}