{"id":1120,"date":"2026-01-12T09:09:23","date_gmt":"2026-01-12T09:09:23","guid":{"rendered":"https:\/\/bestvacuumforming.com\/?post_type=product&#038;p=1120"},"modified":"2026-01-12T09:10:06","modified_gmt":"2026-01-12T09:10:06","slug":"vacuum-formed-casing-for-gaming-equipment","status":"publish","type":"product","link":"https:\/\/bestvacuumforming.com\/pt\/vacuum-formed-casing-for-gaming-equipment\/","title":{"rendered":"Inv\u00f3lucro moldado sob v\u00e1cuo para equipamento de jogos"},"content":{"rendered":"<h2 data-start=\"511\" data-end=\"557\">Inv\u00f3lucro formado a v\u00e1cuo para equipamento de jogos<\/h2>\n<p data-start=\"558\" data-end=\"687\">concebido para proteger consolas, sistemas de arcada e constru\u00e7\u00f5es personalizadas com um acabamento limpo e profissional que tem um aspeto t\u00e3o bom como o seu desempenho.<\/p>\n<h2 data-start=\"689\" data-end=\"726\">Constru\u00e7\u00e3o dur\u00e1vel em ABS ou HIPS<\/h2>\n<p data-start=\"727\" data-end=\"855\">Formado em pl\u00e1stico ABS ou HIPS de qualidade para uma for\u00e7a fi\u00e1vel, resist\u00eancia ao impacto e estabilidade t\u00e9rmica durante longas horas de utiliza\u00e7\u00e3o.<\/p>\n<h2 data-start=\"857\" data-end=\"896\">Ajuste de precis\u00e3o com contornos suaves<\/h2>\n<p data-start=\"897\" data-end=\"1037\">Concebida para se ajustar perfeitamente \u00e0s pe\u00e7as internas, ajudando a reduzir o movimento e mantendo os componentes protegidos do p\u00f3, dos arranh\u00f5es e das pancadas do dia a dia.<\/p>\n<h2 data-start=\"1039\" data-end=\"1071\">Superf\u00edcie brilhante, f\u00e1cil manuten\u00e7\u00e3o<\/h2>\n<p data-start=\"1072\" data-end=\"1201\">com uma face lisa e polida que se limpa rapidamente - ideal para salas de jogos p\u00fablicas, instala\u00e7\u00f5es dom\u00e9sticas e ambientes com muito tr\u00e1fego.<\/p>\n<h2 data-start=\"1203\" data-end=\"1246\">Design leve e f\u00e1cil de instalar<\/h2>\n<p data-start=\"1247\" data-end=\"1361\">forte sem ser volumoso, facilitando o manuseamento e a instala\u00e7\u00e3o em linhas OEM, pequenos lotes ou projectos de bricolage.<\/p>\n<h2 data-start=\"1363\" data-end=\"1403\">Op\u00e7\u00f5es de cores que combinam com o seu estilo<\/h2>\n<p data-start=\"1404\" data-end=\"1531\">dispon\u00edveis em cores de destaque como o verde, o laranja e o roxo, com op\u00e7\u00f5es de personaliza\u00e7\u00e3o para apoiar a marca ou temas de interiores.<\/p>\n<h2 data-start=\"1533\" data-end=\"1588\">Qualidade consistente sem custos de moldagem por inje\u00e7\u00e3o<\/h2>\n<p data-start=\"1589\" data-end=\"1728\">A enforma\u00e7\u00e3o a v\u00e1cuo proporciona uma espessura fi\u00e1vel e uma textura uniforme, oferecendo um equil\u00edbrio inteligente entre qualidade e custo para a produ\u00e7\u00e3o em m\u00e9dia escala.<\/p>\n<h2 data-start=\"1730\" data-end=\"1768\">Feito para fabricantes e construtores<\/h2>\n<p data-start=\"1769\" data-end=\"1904\">uma escolha pr\u00e1tica para marcas, fabricantes de arm\u00e1rios e construtores que pretendem um revestimento que proteja as ferragens e eleve o aspeto final.<\/p>","protected":false},"excerpt":{"rendered":"<p>Caixa dur\u00e1vel e leve, formada a v\u00e1cuo, concebida para equipamento de jogos. Fabricada em pl\u00e1stico ABS de alta qualidade, oferece uma for\u00e7a superior, resist\u00eancia ao impacto e um acabamento liso e brilhante. Dispon\u00edvel em cores vibrantes, como verde, laranja e roxo, garante uma prote\u00e7\u00e3o elegante para os seus dispositivos.<\/p>","protected":false},"featured_media":1121,"template":"","meta":{"_gspb_post_css":""},"product_brand":[],"product_cat":[36],"product_tag":[169],"class_list":{"0":"post-1120","1":"product","2":"type-product","3":"status-publish","4":"has-post-thumbnail","6":"product_cat-hips-vacuum-forming","7":"product_tag-vacuum-forming-gaming-equipment-plastic-casing","9":"first","10":"instock","11":"shipping-taxable","12":"product-type-simple"},"_links":{"self":[{"href":"https:\/\/bestvacuumforming.com\/pt\/wp-json\/wp\/v2\/product\/1120","targetHints":{"allow":["GET"]}}],"collection":[{"href":"https:\/\/bestvacuumforming.com\/pt\/wp-json\/wp\/v2\/product"}],"about":[{"href":"https:\/\/bestvacuumforming.com\/pt\/wp-json\/wp\/v2\/types\/product"}],"wp:featuredmedia":[{"embeddable":true,"href":"https:\/\/bestvacuumforming.com\/pt\/wp-json\/wp\/v2\/media\/1121"}],"wp:attachment":[{"href":"https:\/\/bestvacuumforming.com\/pt\/wp-json\/wp\/v2\/media?parent=1120"}],"wp:term":[{"taxonomy":"product_brand","embeddable":true,"href":"https:\/\/bestvacuumforming.com\/pt\/wp-json\/wp\/v2\/product_brand?post=1120"},{"taxonomy":"product_cat","embeddable":true,"href":"https:\/\/bestvacuumforming.com\/pt\/wp-json\/wp\/v2\/product_cat?post=1120"},{"taxonomy":"product_tag","embeddable":true,"href":"https:\/\/bestvacuumforming.com\/pt\/wp-json\/wp\/v2\/product_tag?post=1120"}],"curies":[{"name":"wp","href":"https:\/\/api.w.org\/{rel}","templated":true}]}}