{"id":1225,"date":"2026-02-12T02:31:29","date_gmt":"2026-02-12T02:31:29","guid":{"rendered":"https:\/\/bestvacuumforming.com\/?post_type=product&#038;p=1225"},"modified":"2026-02-12T02:32:15","modified_gmt":"2026-02-12T02:32:15","slug":"automotive-footrest-cabin-protection-panels","status":"publish","type":"product","link":"https:\/\/bestvacuumforming.com\/pt\/automotive-footrest-cabin-protection-panels\/","title":{"rendered":"Pain\u00e9is personalizados de prote\u00e7\u00e3o de cabina e de apoio para os p\u00e9s para autom\u00f3veis, formados por v\u00e1cuo, em ABS e PP"},"content":{"rendered":"<section class=\"av_textblock_section av-lui1t79i-857eb9d3ec5918ad1290ff9b16b5e12d\">\n<div class=\"avia_textblock\">\n<h3>Especifica\u00e7\u00f5es t\u00e9cnicas<\/h3>\n<\/div>\n<\/section>\n<div class=\"hr av-bgwk7-f222887f3f905c07c8a1f9f2d9907248 hr-invisible avia-builder-el-12 el_after_av_textblock el_before_av_textblock\"><\/div>\n<section class=\"av_textblock_section av-lui1sb7t-5135acec98a75871e432cf52f12abffd\">\n<div class=\"avia_textblock\">\n<p><strong>Descri\u00e7\u00e3o do produto:<\/strong><\/p>\n<p>Apresentamos a nossa alta qualidade,\u00a0<strong>pain\u00e9is personalizados de prote\u00e7\u00e3o dos p\u00e9s e do habit\u00e1culo para autom\u00f3veis<\/strong>, fabricados com tecnologia avan\u00e7ada de moldagem a v\u00e1cuo. Como f\u00e1brica de origem com vantagens significativas em termos de pre\u00e7o, especializamo-nos na produ\u00e7\u00e3o de pain\u00e9is dur\u00e1veis e formados com precis\u00e3o que substituem as pe\u00e7as tradicionais moldadas por inje\u00e7\u00e3o, oferecendo poupan\u00e7as substanciais nos custos do molde sem comprometer o desempenho.<\/p>\n<p>Os nossos pain\u00e9is s\u00e3o fabricados a partir de termopl\u00e1sticos robustos, incluindo\u00a0<strong>ABS e PP<\/strong>, com espessuras de material que variam entre 2 mm e 5 mm, garantindo uma excelente resist\u00eancia ao impacto e longevidade. Dispon\u00edveis em cores e acabamentos totalmente personalizados, estes componentes s\u00e3o adaptados para satisfazer os seus requisitos est\u00e9ticos e funcionais espec\u00edficos para interiores de autom\u00f3veis.<\/p>\n<p><strong>Principais vantagens:<\/strong><\/p>\n<ul>\n<li><strong>Rent\u00e1vel:<\/strong>A moldagem a v\u00e1cuo reduz drasticamente o investimento em moldes em compara\u00e7\u00e3o com a moldagem por inje\u00e7\u00e3o.<\/li>\n<li><strong>Personaliza\u00e7\u00e3o flex\u00edvel:<\/strong>Controlo total sobre o material, a espessura, a cor e o design.<\/li>\n<li><strong>Prototipagem r\u00e1pida:<\/strong>Maior rapidez desde a conce\u00e7\u00e3o at\u00e9 \u00e0 amostra e \u00e0 produ\u00e7\u00e3o em massa.<\/li>\n<li><strong>Durabilidade:<\/strong>Materiais selecionados pela sua for\u00e7a, resist\u00eancia ao desgaste e adequa\u00e7\u00e3o a ambientes autom\u00f3veis.<\/li>\n<\/ul>\n<p><strong>O nosso fluxo de trabalho de produ\u00e7\u00e3o simplificado inclui:<\/strong><\/p>\n<ol>\n<li>Inicia\u00e7\u00e3o ao design com base nas suas amostras f\u00edsicas ou ficheiros CAD (formatos IGS, STEP, X_T), ou o nosso servi\u00e7o de design personalizado de acordo com as suas especifica\u00e7\u00f5es.<\/li>\n<li>Fabrico de moldes prot\u00f3tipos e produ\u00e7\u00e3o de amostras para avalia\u00e7\u00e3o.<\/li>\n<li>An\u00e1lise do cliente e confirma\u00e7\u00e3o da amostra inicial.<\/li>\n<li>Produ\u00e7\u00e3o do molde final de produ\u00e7\u00e3o em massa e amostras de aprova\u00e7\u00e3o para aprova\u00e7\u00e3o do cliente.<\/li>\n<li>Fabrico \u00e0 escala real nas nossas instala\u00e7\u00f5es.<\/li>\n<li>Embalagem segura e expedi\u00e7\u00e3o r\u00e1pida da encomenda final.<\/li>\n<\/ol>\n<\/div>\n<\/section>\n<div id=\"gtx-trans\" style=\"position: absolute; left: 534px; top: 265.312px;\">\n<div class=\"gtx-trans-icon\"><\/div>\n<\/div>","protected":false},"excerpt":{"rendered":"<p><a href=\"https:\/\/bestvacuumforming.com\/pt\/\">Foshan TKP<\/a> O servi\u00e7o de moldagem a v\u00e1cuo para apoios de p\u00e9s e pain\u00e9is de habit\u00e1culo para autom\u00f3veis proporciona uma solu\u00e7\u00e3o \u00f3ptima para os fabricantes que procuram componentes interiores rent\u00e1veis, personaliz\u00e1veis e de alta qualidade. Ao tirar partido deste processo de fabrico eficiente, fornecemos pe\u00e7as duradouras e ajustadas com precis\u00e3o que cumprem as rigorosas normas da ind\u00fastria autom\u00f3vel, garantindo valor e desempenho desde o prot\u00f3tipo at\u00e9 \u00e0 produ\u00e7\u00e3o em grande escala. Seja nosso parceiro para um fornecimento fi\u00e1vel, apoio especializado na conce\u00e7\u00e3o e pre\u00e7os competitivos diretos da f\u00e1brica.<\/p>\n<p>Contacto:\u00a0<a href=\"mailto:michael@bestvacuumforming.com\">michael@bestvacuumforming.com<\/a>\u00a0hoje para uma solu\u00e7\u00e3o personalizada e um or\u00e7amento!<\/p>","protected":false},"featured_media":1228,"template":"","meta":{"_gspb_post_css":""},"product_brand":[],"product_cat":[31,27],"product_tag":[],"class_list":{"0":"post-1225","1":"product","2":"type-product","3":"status-publish","4":"has-post-thumbnail","6":"product_cat-abs-vacuum-forming","7":"product_cat-automotive","9":"first","10":"instock","11":"shipping-taxable","12":"product-type-simple"},"_links":{"self":[{"href":"https:\/\/bestvacuumforming.com\/pt\/wp-json\/wp\/v2\/product\/1225","targetHints":{"allow":["GET"]}}],"collection":[{"href":"https:\/\/bestvacuumforming.com\/pt\/wp-json\/wp\/v2\/product"}],"about":[{"href":"https:\/\/bestvacuumforming.com\/pt\/wp-json\/wp\/v2\/types\/product"}],"wp:featuredmedia":[{"embeddable":true,"href":"https:\/\/bestvacuumforming.com\/pt\/wp-json\/wp\/v2\/media\/1228"}],"wp:attachment":[{"href":"https:\/\/bestvacuumforming.com\/pt\/wp-json\/wp\/v2\/media?parent=1225"}],"wp:term":[{"taxonomy":"product_brand","embeddable":true,"href":"https:\/\/bestvacuumforming.com\/pt\/wp-json\/wp\/v2\/product_brand?post=1225"},{"taxonomy":"product_cat","embeddable":true,"href":"https:\/\/bestvacuumforming.com\/pt\/wp-json\/wp\/v2\/product_cat?post=1225"},{"taxonomy":"product_tag","embeddable":true,"href":"https:\/\/bestvacuumforming.com\/pt\/wp-json\/wp\/v2\/product_tag?post=1225"}],"curies":[{"name":"wp","href":"https:\/\/api.w.org\/{rel}","templated":true}]}}